{"id":270,"date":"2012-07-12T11:17:59","date_gmt":"2012-07-12T09:17:59","guid":{"rendered":"http:\/\/residencecasamaria.it\/residence-gardasee\/?page_id=270"},"modified":"2023-12-07T12:32:31","modified_gmt":"2023-12-07T11:32:31","slug":"preisliste","status":"publish","type":"page","link":"https:\/\/residencecasamaria.it\/residence-gardasee\/ferienwohnungen\/preisliste\/","title":{"rendered":"Preisliste Ferienwohnungen"},"content":{"rendered":"\t\t<div data-elementor-type=\"wp-page\" data-elementor-id=\"270\" class=\"elementor elementor-270\">\n\t\t\t\t\t\t<section class=\"elementor-section elementor-top-section elementor-element elementor-element-c7a1296 elementor-section-boxed elementor-section-height-default elementor-section-height-default\" data-id=\"c7a1296\" data-element_type=\"section\" data-e-type=\"section\">\n\t\t\t\t\t\t<div class=\"elementor-container elementor-column-gap-default\">\n\t\t\t\t\t<div class=\"elementor-column elementor-col-100 elementor-top-column elementor-element elementor-element-604bf8ff\" data-id=\"604bf8ff\" data-element_type=\"column\" data-e-type=\"column\">\n\t\t\t<div class=\"elementor-widget-wrap elementor-element-populated\">\n\t\t\t\t\t\t<div class=\"elementor-element elementor-element-6463519f elementor-widget elementor-widget-text-editor\" data-id=\"6463519f\" data-element_type=\"widget\" data-e-type=\"widget\" data-widget_type=\"text-editor.default\">\n\t\t\t\t<div class=\"elementor-widget-container\">\n\t\t\t\t\t\t\t\t\t<table class=\"tabfeatures tablefluid\" style=\"width: 100%;\" border=\"1\" cellpadding=\"5\"><colgroup span=\"2\" width=\"80\"><\/colgroup> <colgroup span=\"3\" width=\"100\"><\/colgroup><caption><b>Preistabelle 2024<\/b><br \/><i> \u2192 Zwischen- u. Haupt-Saison Mindestaufenthalt 7 N\u00e4chte \u2190<\/i><\/caption>\n<thead id=\"testata\">\n<tr>\n<th rowspan=\"4\">Fewo Typ<\/th>\n<th rowspan=\"4\">Personen<\/th>\n<th>Niedrige<br \/>Saison<\/th>\n<th>Zwischen-<br \/>Saison<\/th>\n<th>Haupt-<br \/>Saison<\/th>\n<\/tr>\n<tr>\n<th rowspan=\"3\">30.03 &#8211; 17.05<br \/>15.06 &#8211; 05.07<\/th>\n<th rowspan=\"3\">18.05 &#8211; 14.06<br \/>06.07 &#8211; 12.07<br \/>26.08 &#8211; 05.10<\/th>\n<th rowspan=\"3\">13.07 &#8211; 25.08<\/th>\n<\/tr>\n<\/thead>\n<tbody class=\"center\">\n<tr>\n<td class=\"azzurro2\"><span class=\"big\">A<\/span><br \/><b>&#8211; Studio &#8211;<\/b><br \/>Standard Belegung<br \/>2 Personen<\/td>\n<td>2<\/td>\n<td id=\"giallo\">60<\/td>\n<td id=\"verde\">75<\/td>\n<td id=\"rosso\">95<\/td>\n<\/tr>\n<tr>\n<td colspan=\"5\">\u00a0<\/td>\n<\/tr>\n<tr>\n<td class=\"azzurro2\" ><span class=\"big\">B<\/span><br \/><b>2-Zi-Whng<\/b><br \/>Standard Belegung<br \/>2 Personen<\/td>\n<td>2 bis 4<\/td>\n<td id=\"giallo\">70<\/td>\n<td id=\"verde\">95<\/td>\n<td id=\"rosso\">105<\/td>\n<\/tr>\n\n<tr>\n<td colspan=\"5\">\u00a0<\/td>\n<\/tr>\n<tr>\n<td class=\"azzurro2\" rowspan=\"2\"><span class=\"big\">C<\/span><br \/><b>2-Zi-Whng<\/b><br \/>Standard Belegung<br \/>4 Personen<\/td>\n<td>2 bis 4<\/td>\n<td id=\"giallo\">85<\/td>\n<td id=\"verde\">100<\/td>\n<td id=\"rosso\">110<\/td>\n<\/tr>\n<tr>\n<td>5-6<\/td>\n<td id=\"giallo\">95<\/td>\n<td id=\"verde\">110<\/td>\n<td id=\"rosso\">120<\/td>\n<\/tr>\n\n<\/tbody>\n<\/table>\n<div class=\"tablefluid\" style=\"padding: 0 20px;\">\n<p><strong>Im Preis inbegriffen<\/strong><\/p>\n<ul>\n<li>Wohnung: Komplett eingerichtet mit Strom, Wasser<\/li>\n<li>Sat-TV<\/li>\n<li>K\u00fcchennische: ausreichende Ausr\u00fcstung mit 2-4 Elektroplatten, K\u00fchlschrank, Kaffeemaschine, Moka, Toaster, Wasserkocher<\/li>\n<li>Badezimmer: mit Du\/WC\/Bidet<\/li>\n<li>Parkplatz<\/li>\n<\/ul>\n<p><strong>Nicht im Preis inbegriffen<\/strong><\/p>\n<ul>\n<li>Bettw\u00e4sche: Euro 8,00 p\/Pers.<\/li>\n<li>Handt\u00fccher u. Badet\u00fccher: Euro 8,00 p\/Pers.<\/li>\n<li>Kinderbett: Euro 5,00<\/li>\n<li>Endreinigung: Euro 30,00<\/li>\n<li>Heizung: Euro 7,00 p\/Tag<\/li>\n<\/ul>\n<p><strong>Nicht im Preis inbegriffen<\/strong><br \/>KURTAXE GEMEINDE BRENZONE<br \/>Euro 1,00 Person\/Tag Kinder bis 12J. frei.<br \/>Diese Steuer ist in unseren Angeboten nicht vorgesehen und muss vom Gast bezahlt werden.<\/p>\n<p><strong>Zahlungskonditionen<br \/><\/strong><\/p>\n<ul>\n<li>Anzahlung: bei fester Buchung bitten wir um eine Anzahlung ueber bis Euro 100,- p\/Appartment\/Woche auf unser Bankkont.<br \/>Die Kontonummer wird Ihnen bekannt gegeben mit unserer Best\u00e4tigung<\/li>\n<li>Rechnung: Sie koennen Ihre Rechnung bei Ankunft<\/li>\n<li>Die Bezahlung erfolgt in Bar<\/li>\n<li>Kaution: Eine Kaution \u00fcber 100 Euro wird automatisch auf Ihre Rechnung gerechnet und zur\u00fcckerstattet nach kontrolle der Wohnung bei Abfahrt<\/li>\n<\/ul>\n<p><strong>An- und Abreisezeit<\/strong><\/p>\n<ul>\n<li>Anreisezeit: ab 16:00 bis 18:30 Uhr<br \/>Sp\u00e4tere Anreisezeit bitte vorher melden<\/li>\n<li>Anreisetag: nach m\u00f6glichkeit Samstags (sollte aber nicht m\u00f6glich sein, versuchen wir Ihnen gern entgegen zu kommen)<\/li>\n<li>Abreisezeit: bis 09:00 Uhr der Abreisetag<\/li>\n<\/ul>\n<p><strong>Sonstiges<\/strong><\/p>\n<ul>\n<li>In unseren Ferienwohnungen ist das Rauchen nicht erlaubt<\/li>\n<li>Haustiere nicht erw\u00fcnscht<\/li>\n<li>Fr\u00fchst\u00fcckservice: nicht Verf\u00fcgbar<\/li>\n<\/ul>\n<\/div>\n<p><\/p>\n<p><\/p>\t\t\t\t\t\t\t\t<\/div>\n\t\t\t\t<\/div>\n\t\t\t\t\t<\/div>\n\t\t<\/div>\n\t\t\t\t\t<\/div>\n\t\t<\/section>\n\t\t<div class=\"elementor-element elementor-element-93d9720 e-flex e-con-boxed e-con e-parent\" data-id=\"93d9720\" data-element_type=\"container\" data-e-type=\"container\" data-settings=\"{&quot;background_background&quot;:&quot;classic&quot;}\">\n\t\t\t\t\t<div class=\"e-con-inner\">\n\t\t\t\t<div class=\"elementor-element elementor-element-c8228c5 elementor-align-center elementor-tablet-align-justify elementor-mobile-align-justify elementor-widget elementor-widget-button\" data-id=\"c8228c5\" data-element_type=\"widget\" data-e-type=\"widget\" data-widget_type=\"button.default\">\n\t\t\t\t<div class=\"elementor-widget-container\">\n\t\t\t\t\t\t\t\t\t<div class=\"elementor-button-wrapper\">\n\t\t\t\t\t<a class=\"elementor-button elementor-button-link elementor-size-lg\" href=\"https:\/\/residencecasamaria.it\/residence-gardasee\/ferienwohnungen\/\">\n\t\t\t\t\t\t<span class=\"elementor-button-content-wrapper\">\n\t\t\t\t\t\t\t\t\t<span class=\"elementor-button-text\">FERIENWOHNUNGEN<\/span>\n\t\t\t\t\t<\/span>\n\t\t\t\t\t<\/a>\n\t\t\t\t<\/div>\n\t\t\t\t\t\t\t\t<\/div>\n\t\t\t\t<\/div>\n\t\t\t\t<div class=\"elementor-element elementor-element-b16d750 elementor-align-center elementor-tablet-align-justify elementor-mobile-align-justify elementor-widget elementor-widget-button\" data-id=\"b16d750\" data-element_type=\"widget\" data-e-type=\"widget\" data-widget_type=\"button.default\">\n\t\t\t\t<div class=\"elementor-widget-container\">\n\t\t\t\t\t\t\t\t\t<div class=\"elementor-button-wrapper\">\n\t\t\t\t\t<a class=\"elementor-button elementor-button-link elementor-size-lg\" href=\"https:\/\/residencecasamaria.it\/residence-gardasee\/anfrage\/\">\n\t\t\t\t\t\t<span class=\"elementor-button-content-wrapper\">\n\t\t\t\t\t\t\t\t\t<span class=\"elementor-button-text\">ANFRAGE<\/span>\n\t\t\t\t\t<\/span>\n\t\t\t\t\t<\/a>\n\t\t\t\t<\/div>\n\t\t\t\t\t\t\t\t<\/div>\n\t\t\t\t<\/div>\n\t\t\t\t\t<\/div>\n\t\t\t\t<\/div>\n\t\t\t\t<\/div>\n\t\t","protected":false},"excerpt":{"rendered":"<p>Preistabelle 2024 \u2192 Zwischen- u. Haupt-Saison Mindestaufenthalt 7 N\u00e4chte \u2190 Fewo Typ Personen NiedrigeSaison Zwischen-Saison Haupt-Saison 30.03 &#8211; 17.0515.06 &#8211; 05.07 18.05 &#8211; 14.0606.07 &#8211; 12.0726.08 &#8211; 05.10 13.07 &#8211; 25.08 A&#8211; Studio &#8211;Standard Belegung2 Personen 2 60 75 95 \u00a0 B2-Zi-WhngStandard Belegung2 Personen 2 bis 4 70 95 105 \u00a0 C2-Zi-WhngStandard Belegung4 Personen 2 &#8230; <a title=\"Preisliste Ferienwohnungen\" class=\"read-more\" href=\"https:\/\/residencecasamaria.it\/residence-gardasee\/ferienwohnungen\/preisliste\/\" aria-label=\"Read more about Preisliste Ferienwohnungen\">Read more<\/a><\/p>\n","protected":false},"author":1,"featured_media":1707,"parent":23,"menu_order":4,"comment_status":"closed","ping_status":"closed","template":"","meta":{"footnotes":""},"class_list":["post-270","page","type-page","status-publish","has-post-thumbnail"],"_links":{"self":[{"href":"https:\/\/residencecasamaria.it\/residence-gardasee\/wp-json\/wp\/v2\/pages\/270","targetHints":{"allow":["GET"]}}],"collection":[{"href":"https:\/\/residencecasamaria.it\/residence-gardasee\/wp-json\/wp\/v2\/pages"}],"about":[{"href":"https:\/\/residencecasamaria.it\/residence-gardasee\/wp-json\/wp\/v2\/types\/page"}],"author":[{"embeddable":true,"href":"https:\/\/residencecasamaria.it\/residence-gardasee\/wp-json\/wp\/v2\/users\/1"}],"replies":[{"embeddable":true,"href":"https:\/\/residencecasamaria.it\/residence-gardasee\/wp-json\/wp\/v2\/comments?post=270"}],"version-history":[{"count":86,"href":"https:\/\/residencecasamaria.it\/residence-gardasee\/wp-json\/wp\/v2\/pages\/270\/revisions"}],"predecessor-version":[{"id":2008,"href":"https:\/\/residencecasamaria.it\/residence-gardasee\/wp-json\/wp\/v2\/pages\/270\/revisions\/2008"}],"up":[{"embeddable":true,"href":"https:\/\/residencecasamaria.it\/residence-gardasee\/wp-json\/wp\/v2\/pages\/23"}],"wp:featuredmedia":[{"embeddable":true,"href":"https:\/\/residencecasamaria.it\/residence-gardasee\/wp-json\/wp\/v2\/media\/1707"}],"wp:attachment":[{"href":"https:\/\/residencecasamaria.it\/residence-gardasee\/wp-json\/wp\/v2\/media?parent=270"}],"curies":[{"name":"wp","href":"https:\/\/api.w.org\/{rel}","templated":true}]}}