{"id":23,"date":"2011-07-26T15:10:54","date_gmt":"2011-07-26T13:10:54","guid":{"rendered":"http:\/\/residencecasamaria.it\/residence-gardasee\/?page_id=23"},"modified":"2025-01-13T13:13:04","modified_gmt":"2025-01-13T12:13:04","slug":"ferienwohnungen","status":"publish","type":"page","link":"https:\/\/residencecasamaria.it\/residence-gardasee\/ferienwohnungen\/","title":{"rendered":"Ferienwohnungen"},"content":{"rendered":"\t\t<div data-elementor-type=\"wp-page\" data-elementor-id=\"23\" class=\"elementor elementor-23\">\n\t\t\t\t<div class=\"elementor-element elementor-element-f53fc00 e-flex e-con-boxed e-con e-parent\" data-id=\"f53fc00\" data-element_type=\"container\" data-e-type=\"container\">\n\t\t\t\t\t<div class=\"e-con-inner\">\n\t\t\t\t<div class=\"elementor-element elementor-element-a5bb2a2 elementor-widget elementor-widget-text-editor\" data-id=\"a5bb2a2\" data-element_type=\"widget\" data-e-type=\"widget\" data-widget_type=\"text-editor.default\">\n\t\t\t\t<div class=\"elementor-widget-container\">\n\t\t\t\t\t\t\t\t\t<p>Residence Casa Maria bietet 26 Ferienwohnungen von verschiedene Gr\u00f6\u00dfer an. Grunds\u00e4tzlich sind aber die Ferienwohnungen unter 2 Kategorien geteilt: Einzimmerwohnungen und Zweizimmerwohnungen.<\/p><p>Alle Apartments sind gut eingerichtet mit bequeme Betten und, wo erreichbar, Schlafsofas von gute Qualit\u00e4t.<\/p>\t\t\t\t\t\t\t\t<\/div>\n\t\t\t\t<\/div>\n\t\t\t\t\t<\/div>\n\t\t\t\t<\/div>\n\t\t\t\t<section class=\"elementor-section elementor-top-section elementor-element elementor-element-7732b601 elementor-section-boxed elementor-section-height-default elementor-section-height-default\" data-id=\"7732b601\" data-element_type=\"section\" data-e-type=\"section\">\n\t\t\t\t\t\t<div class=\"elementor-container elementor-column-gap-default\">\n\t\t\t\t\t<div class=\"elementor-column elementor-col-100 elementor-top-column elementor-element elementor-element-38895447\" data-id=\"38895447\" data-element_type=\"column\" data-e-type=\"column\">\n\t\t\t<div class=\"elementor-widget-wrap elementor-element-populated\">\n\t\t\t\t\t\t<div class=\"elementor-element elementor-element-2dc0b915 elementor-widget elementor-widget-text-editor\" data-id=\"2dc0b915\" data-element_type=\"widget\" data-e-type=\"widget\" data-widget_type=\"text-editor.default\">\n\t\t\t\t<div class=\"elementor-widget-container\">\n\t\t\t\t\t\t\t\t\t<p><strong>EINZIMMERWOHNUNGEN<\/strong><br \/>Wegen den etwa kleineren Raum (die Wohnungen sind geeignet f\u00fcr 2 Personen plus eventuell einen kleinen Kind) bieten die Einzimmerwohnungen eine kleine vollausgestatteten Kochnische mit 2 Platten, Kaffemaschine, K\u00fchlschrank und Waschbecken.<\/p><p>Dazu verf\u00fcgt die Apartment \u00fcber Sat-TV, innere Tisch mit Stuhle sowie ein Balkon mit Tisch, St\u00fchle und Sonnenschirm ausgestattet. Eine gro\u00dfe Balkont\u00fcr vergr\u00f6ssern die Wohnbereich des Wohnungs und l\u00e4\u00dft viel Licht und Luft hinnein.<\/p><p><strong>ZWEIZIMMERWOHNUNGEN<\/strong><br \/>Die Apartment bieten viel Platz an. Die Wohnbereich ist gross und verf\u00fcgt \u00fcber eine breite Kochnische mit 4 Kochplatten, Gasofen und gro\u00dfe K\u00fchlschrank.<\/p><p>Die innere und au\u00dfende Tische bieten Sitzplatz f\u00fcr 4 &#8211; 6 Personen.<\/p><p>Alle unsere Wohnungen bieten eine herrlicher Aussicht vom Gardasee.<\/p>\t\t\t\t\t\t\t\t<\/div>\n\t\t\t\t<\/div>\n\t\t\t\t\t<\/div>\n\t\t<\/div>\n\t\t\t\t\t<\/div>\n\t\t<\/section>\n\t\t<div class=\"elementor-element elementor-element-927e896 e-flex e-con-boxed e-con e-parent\" data-id=\"927e896\" data-element_type=\"container\" data-e-type=\"container\" data-settings=\"{&quot;background_background&quot;:&quot;classic&quot;}\">\n\t\t\t\t\t<div class=\"e-con-inner\">\n\t\t<div class=\"elementor-element elementor-element-b418d65 e-con-full e-flex e-con e-child\" data-id=\"b418d65\" data-element_type=\"container\" data-e-type=\"container\">\n\t\t\t\t<div class=\"elementor-element elementor-element-9eb02d1 elementor-widget elementor-widget-heading\" data-id=\"9eb02d1\" data-element_type=\"widget\" data-e-type=\"widget\" data-widget_type=\"heading.default\">\n\t\t\t\t<div class=\"elementor-widget-container\">\n\t\t\t\t\t<h2 class=\"elementor-heading-title elementor-size-default\">1-Zimmer-Wohnung<\/h2>\t\t\t\t<\/div>\n\t\t\t\t<\/div>\n\t\t\t\t<div class=\"elementor-element elementor-element-55a05bd elementor-widget-divider--view-line elementor-widget elementor-widget-divider\" data-id=\"55a05bd\" data-element_type=\"widget\" data-e-type=\"widget\" data-widget_type=\"divider.default\">\n\t\t\t\t<div class=\"elementor-widget-container\">\n\t\t\t\t\t\t\t<div class=\"elementor-divider\">\n\t\t\t<span class=\"elementor-divider-separator\">\n\t\t\t\t\t\t<\/span>\n\t\t<\/div>\n\t\t\t\t\t\t<\/div>\n\t\t\t\t<\/div>\n\t\t\t\t<div class=\"elementor-element elementor-element-ad8c293 elementor-widget elementor-widget-text-editor\" data-id=\"ad8c293\" data-element_type=\"widget\" data-e-type=\"widget\" data-widget_type=\"text-editor.default\">\n\t\t\t\t<div class=\"elementor-widget-container\">\n\t\t\t\t\t\t\t\t\t<p>Personen: 2+1<\/p><p>R\u00c4UME<br \/>Wohn-Schlafzimmer mit Kochnische<br \/>Badezimmer<br \/>Balkon<\/p>\t\t\t\t\t\t\t\t<\/div>\n\t\t\t\t<\/div>\n\t\t\t\t<div class=\"elementor-element elementor-element-e8c7382 elementor-align-center elementor-widget elementor-widget-button\" data-id=\"e8c7382\" data-element_type=\"widget\" data-e-type=\"widget\" data-widget_type=\"button.default\">\n\t\t\t\t<div class=\"elementor-widget-container\">\n\t\t\t\t\t\t\t\t\t<div class=\"elementor-button-wrapper\">\n\t\t\t\t\t<a class=\"elementor-button elementor-button-link elementor-size-md\" href=\"https:\/\/residencecasamaria.it\/residence-gardasee\/ferienwohnungen\/einzimmerwohnung\/\">\n\t\t\t\t\t\t<span class=\"elementor-button-content-wrapper\">\n\t\t\t\t\t\t<span class=\"elementor-button-icon\">\n\t\t\t\t<i aria-hidden=\"true\" class=\"far fa-arrow-alt-circle-right\"><\/i>\t\t\t<\/span>\n\t\t\t\t\t\t\t\t\t<span class=\"elementor-button-text\">Einzimmerwohnung<\/span>\n\t\t\t\t\t<\/span>\n\t\t\t\t\t<\/a>\n\t\t\t\t<\/div>\n\t\t\t\t\t\t\t\t<\/div>\n\t\t\t\t<\/div>\n\t\t\t\t<\/div>\n\t\t<div class=\"elementor-element elementor-element-62830a8 e-con-full e-flex e-con e-child\" data-id=\"62830a8\" data-element_type=\"container\" data-e-type=\"container\">\n\t\t\t\t<div class=\"elementor-element elementor-element-78c763e elementor-widget elementor-widget-image\" data-id=\"78c763e\" data-element_type=\"widget\" data-e-type=\"widget\" data-widget_type=\"image.default\">\n\t\t\t\t<div class=\"elementor-widget-container\">\n\t\t\t\t\t\t\t\t\t\t\t\t\t\t\t<img fetchpriority=\"high\" decoding=\"async\" width=\"1024\" height=\"768\" src=\"https:\/\/residencecasamaria.it\/residence-gardasee\/wp-content\/uploads\/residence-gardasee-brenzone-einzimmerwohnung-casamaria-2-personen-02-1024x768.jpg\" class=\"attachment-large size-large wp-image-2242\" alt=\"\" srcset=\"https:\/\/residencecasamaria.it\/residence-gardasee\/wp-content\/uploads\/residence-gardasee-brenzone-einzimmerwohnung-casamaria-2-personen-02-1024x768.jpg 1024w, https:\/\/residencecasamaria.it\/residence-gardasee\/wp-content\/uploads\/residence-gardasee-brenzone-einzimmerwohnung-casamaria-2-personen-02-300x225.jpg 300w, https:\/\/residencecasamaria.it\/residence-gardasee\/wp-content\/uploads\/residence-gardasee-brenzone-einzimmerwohnung-casamaria-2-personen-02-768x576.jpg 768w, https:\/\/residencecasamaria.it\/residence-gardasee\/wp-content\/uploads\/residence-gardasee-brenzone-einzimmerwohnung-casamaria-2-personen-02.jpg 1200w\" sizes=\"(max-width: 1024px) 100vw, 1024px\" \/>\t\t\t\t\t\t\t\t\t\t\t\t\t\t\t<\/div>\n\t\t\t\t<\/div>\n\t\t\t\t<\/div>\n\t\t\t\t\t<\/div>\n\t\t\t\t<\/div>\n\t\t<div class=\"elementor-element elementor-element-544b031 e-flex e-con-boxed e-con e-parent\" data-id=\"544b031\" data-element_type=\"container\" data-e-type=\"container\" data-settings=\"{&quot;background_background&quot;:&quot;classic&quot;}\">\n\t\t\t\t\t<div class=\"e-con-inner\">\n\t\t<div class=\"elementor-element elementor-element-0bc3081 e-con-full e-flex e-con e-child\" data-id=\"0bc3081\" data-element_type=\"container\" data-e-type=\"container\">\n\t\t\t\t<div class=\"elementor-element elementor-element-e00fd88 elementor-widget elementor-widget-image\" data-id=\"e00fd88\" data-element_type=\"widget\" data-e-type=\"widget\" data-widget_type=\"image.default\">\n\t\t\t\t<div class=\"elementor-widget-container\">\n\t\t\t\t\t\t\t\t\t\t\t\t\t\t\t<img decoding=\"async\" width=\"1024\" height=\"768\" src=\"https:\/\/residencecasamaria.it\/residence-gardasee\/wp-content\/uploads\/residence-gardasee-brenzone-casa-maria-ferienwohung-seeblick-01-1024x768.jpg\" class=\"attachment-large size-large wp-image-1744\" alt=\"\" srcset=\"https:\/\/residencecasamaria.it\/residence-gardasee\/wp-content\/uploads\/residence-gardasee-brenzone-casa-maria-ferienwohung-seeblick-01-1024x768.jpg 1024w, https:\/\/residencecasamaria.it\/residence-gardasee\/wp-content\/uploads\/residence-gardasee-brenzone-casa-maria-ferienwohung-seeblick-01-300x225.jpg 300w, https:\/\/residencecasamaria.it\/residence-gardasee\/wp-content\/uploads\/residence-gardasee-brenzone-casa-maria-ferienwohung-seeblick-01-768x576.jpg 768w, https:\/\/residencecasamaria.it\/residence-gardasee\/wp-content\/uploads\/residence-gardasee-brenzone-casa-maria-ferienwohung-seeblick-01.jpg 1200w\" sizes=\"(max-width: 1024px) 100vw, 1024px\" \/>\t\t\t\t\t\t\t\t\t\t\t\t\t\t\t<\/div>\n\t\t\t\t<\/div>\n\t\t\t\t<\/div>\n\t\t<div class=\"elementor-element elementor-element-8d9e80e e-con-full e-flex e-con e-child\" data-id=\"8d9e80e\" data-element_type=\"container\" data-e-type=\"container\">\n\t\t\t\t<div class=\"elementor-element elementor-element-d6cde01 elementor-widget elementor-widget-heading\" data-id=\"d6cde01\" data-element_type=\"widget\" data-e-type=\"widget\" data-widget_type=\"heading.default\">\n\t\t\t\t<div class=\"elementor-widget-container\">\n\t\t\t\t\t<h2 class=\"elementor-heading-title elementor-size-default\">2-Zimmer-Wohnung<\/h2>\t\t\t\t<\/div>\n\t\t\t\t<\/div>\n\t\t\t\t<div class=\"elementor-element elementor-element-a9a835e elementor-widget-divider--view-line elementor-widget elementor-widget-divider\" data-id=\"a9a835e\" data-element_type=\"widget\" data-e-type=\"widget\" data-widget_type=\"divider.default\">\n\t\t\t\t<div class=\"elementor-widget-container\">\n\t\t\t\t\t\t\t<div class=\"elementor-divider\">\n\t\t\t<span class=\"elementor-divider-separator\">\n\t\t\t\t\t\t<\/span>\n\t\t<\/div>\n\t\t\t\t\t\t<\/div>\n\t\t\t\t<\/div>\n\t\t\t\t<div class=\"elementor-element elementor-element-ab1703a elementor-widget elementor-widget-text-editor\" data-id=\"ab1703a\" data-element_type=\"widget\" data-e-type=\"widget\" data-widget_type=\"text-editor.default\">\n\t\t\t\t<div class=\"elementor-widget-container\">\n\t\t\t\t\t\t\t\t\t<p>Personen: 2+2 bis 4<\/p><p>R\u00c4UME<br \/>Wohnzimmer mit Kochnische<br \/>1 x Schlafzimmer <br \/>Badezimmer<br \/>Balkon<\/p>\t\t\t\t\t\t\t\t<\/div>\n\t\t\t\t<\/div>\n\t\t\t\t<div class=\"elementor-element elementor-element-471a2ef elementor-align-center elementor-widget elementor-widget-button\" data-id=\"471a2ef\" data-element_type=\"widget\" data-e-type=\"widget\" data-widget_type=\"button.default\">\n\t\t\t\t<div class=\"elementor-widget-container\">\n\t\t\t\t\t\t\t\t\t<div class=\"elementor-button-wrapper\">\n\t\t\t\t\t<a class=\"elementor-button elementor-button-link elementor-size-md\" href=\"https:\/\/residencecasamaria.it\/residence-gardasee\/ferienwohnungen\/zweizimmerwohnung\/\">\n\t\t\t\t\t\t<span class=\"elementor-button-content-wrapper\">\n\t\t\t\t\t\t<span class=\"elementor-button-icon\">\n\t\t\t\t<i aria-hidden=\"true\" class=\"far fa-arrow-alt-circle-right\"><\/i>\t\t\t<\/span>\n\t\t\t\t\t\t\t\t\t<span class=\"elementor-button-text\">Zweizimmerwohnung<\/span>\n\t\t\t\t\t<\/span>\n\t\t\t\t\t<\/a>\n\t\t\t\t<\/div>\n\t\t\t\t\t\t\t\t<\/div>\n\t\t\t\t<\/div>\n\t\t\t\t<\/div>\n\t\t\t\t\t<\/div>\n\t\t\t\t<\/div>\n\t\t\t\t<\/div>\n\t\t","protected":false},"excerpt":{"rendered":"<p>Residence Casa Maria bietet 26 Ferienwohnungen von verschiedene Gr\u00f6\u00dfer an. Grunds\u00e4tzlich sind aber die Ferienwohnungen unter 2 Kategorien geteilt: Einzimmerwohnungen und Zweizimmerwohnungen. Alle Apartments sind gut eingerichtet mit bequeme Betten und, wo erreichbar, Schlafsofas von gute Qualit\u00e4t. EINZIMMERWOHNUNGENWegen den etwa kleineren Raum (die Wohnungen sind geeignet f\u00fcr 2 Personen plus eventuell einen kleinen Kind) bieten &#8230; <a title=\"Ferienwohnungen\" class=\"read-more\" href=\"https:\/\/residencecasamaria.it\/residence-gardasee\/ferienwohnungen\/\" aria-label=\"Read more about Ferienwohnungen\">Read more<\/a><\/p>\n","protected":false},"author":1,"featured_media":1711,"parent":0,"menu_order":1,"comment_status":"closed","ping_status":"closed","template":"","meta":{"footnotes":""},"class_list":["post-23","page","type-page","status-publish","has-post-thumbnail"],"_links":{"self":[{"href":"https:\/\/residencecasamaria.it\/residence-gardasee\/wp-json\/wp\/v2\/pages\/23","targetHints":{"allow":["GET"]}}],"collection":[{"href":"https:\/\/residencecasamaria.it\/residence-gardasee\/wp-json\/wp\/v2\/pages"}],"about":[{"href":"https:\/\/residencecasamaria.it\/residence-gardasee\/wp-json\/wp\/v2\/types\/page"}],"author":[{"embeddable":true,"href":"https:\/\/residencecasamaria.it\/residence-gardasee\/wp-json\/wp\/v2\/users\/1"}],"replies":[{"embeddable":true,"href":"https:\/\/residencecasamaria.it\/residence-gardasee\/wp-json\/wp\/v2\/comments?post=23"}],"version-history":[{"count":30,"href":"https:\/\/residencecasamaria.it\/residence-gardasee\/wp-json\/wp\/v2\/pages\/23\/revisions"}],"predecessor-version":[{"id":2293,"href":"https:\/\/residencecasamaria.it\/residence-gardasee\/wp-json\/wp\/v2\/pages\/23\/revisions\/2293"}],"wp:featuredmedia":[{"embeddable":true,"href":"https:\/\/residencecasamaria.it\/residence-gardasee\/wp-json\/wp\/v2\/media\/1711"}],"wp:attachment":[{"href":"https:\/\/residencecasamaria.it\/residence-gardasee\/wp-json\/wp\/v2\/media?parent=23"}],"curies":[{"name":"wp","href":"https:\/\/api.w.org\/{rel}","templated":true}]}}